{"id":4596,"date":"2023-05-03T09:26:07","date_gmt":"2023-05-03T07:26:07","guid":{"rendered":"https:\/\/www.eurofacto.com\/?post_type=product&#038;p=4596"},"modified":"2025-07-17T10:36:57","modified_gmt":"2025-07-17T08:36:57","slug":"verre-a-vin-degustation","status":"publish","type":"product","link":"https:\/\/www.eurofacto.com\/en\/product\/verre-a-vin-degustation\/","title":{"rendered":"Wine tasting glass"},"content":{"rendered":"<p><a href=\"https:\/\/www.eurofacto.com\/wp-content\/uploads\/2023\/05\/FT-verre-degustation.pdf\"><strong>Download<\/strong> the technical file (wine tasting glass 22cl)<\/a><\/p>\n<p><a href=\"https:\/\/www.eurofacto.com\/wp-content\/uploads\/2023\/05\/Gabarit-verre-vin-22cl-1.pdf\"><strong>Download<\/strong> le gabarit d&rsquo;impression (verre \u00e0 vin d\u00e9gustation 22cl)<\/a><\/p>\n<p>&nbsp;<\/p>\n<p>B339<\/p>","protected":false},"excerpt":{"rendered":"<p>Corps en verre simple et robuste, au design intemporel<br \/>\nSmall INAO type stem glass, ideal for wine tasting<br \/>\nMax. capacity 220ml<\/p>\n<p>Dishwasher safe and temperature changes resistant<br \/>\nConditionn\u00e9s par bo\u00eete de 6 verres<\/p>\n<p>Special inks and high temperature firing for long-lasting marking<br \/>\nSuitable for intensive use in a professional environment<\/p>\n<p><strong>Important notice:<\/strong> fragile item delivered on pallets<br \/>\nSpecific shipping costs (see below)<\/p>","protected":false},"featured_media":4604,"template":"","meta":{"_uag_custom_page_level_css":""},"product_brand":[],"product_cat":[22,1237],"product_tag":[],"class_list":{"0":"post-4596","1":"product","2":"type-product","3":"status-publish","4":"has-post-thumbnail","6":"product_cat-maison","7":"product_cat-verres-et-mugs","9":"first","10":"instock","11":"shipping-taxable","12":"product-type-variable"},"uagb_featured_image_src":{"full":["https:\/\/www.eurofacto.com\/wp-content\/uploads\/2023\/05\/verre_vin_degustation_ex2.jpg",1000,1000,false],"thumbnail":["https:\/\/www.eurofacto.com\/wp-content\/uploads\/2023\/05\/verre_vin_degustation_ex2-150x150.jpg",150,150,true],"medium":["https:\/\/www.eurofacto.com\/wp-content\/uploads\/2023\/05\/verre_vin_degustation_ex2-300x300.jpg",300,300,true],"medium_large":["https:\/\/www.eurofacto.com\/wp-content\/uploads\/2023\/05\/verre_vin_degustation_ex2-768x768.jpg",768,768,true],"large":["https:\/\/www.eurofacto.com\/wp-content\/uploads\/2023\/05\/verre_vin_degustation_ex2.jpg",1000,1000,false],"1536x1536":["https:\/\/www.eurofacto.com\/wp-content\/uploads\/2023\/05\/verre_vin_degustation_ex2.jpg",1000,1000,false],"2048x2048":["https:\/\/www.eurofacto.com\/wp-content\/uploads\/2023\/05\/verre_vin_degustation_ex2.jpg",1000,1000,false],"trp-custom-language-flag":["https:\/\/www.eurofacto.com\/wp-content\/uploads\/2023\/05\/verre_vin_degustation_ex2-12x12.jpg",12,12,true],"woocommerce_archive_thumbnail":["https:\/\/www.eurofacto.com\/wp-content\/uploads\/2023\/05\/verre_vin_degustation_ex2-300x300.jpg",300,300,true],"woocommerce_thumbnail":["https:\/\/www.eurofacto.com\/wp-content\/uploads\/2023\/05\/verre_vin_degustation_ex2-300x300.jpg",300,300,true],"woocommerce_single":["https:\/\/www.eurofacto.com\/wp-content\/uploads\/2023\/05\/verre_vin_degustation_ex2-600x600.jpg",600,600,true],"woocommerce_gallery_thumbnail":["https:\/\/www.eurofacto.com\/wp-content\/uploads\/2023\/05\/verre_vin_degustation_ex2-100x100.jpg",100,100,true]},"uagb_author_info":{"display_name":"Antoine Ninat","author_link":"https:\/5ac1d44055f195d1\/5ac1d44055f195d1www.eurofacto.com\/5ac1d44055f195d1en\/5ac1d44055f195d1author\/5ac1d44055f195d1"},"uagb_comment_info":0,"uagb_excerpt":"Corps en verre simple et robuste, au design intemporel Petit mod\u00e8le \u00e0 pied de type INAO, optimal pour la d\u00e9gustation de vin Capacit\u00e9 max. 220ml Passe au lave-vaisselle et r\u00e9siste aux variations de temp\u00e9rature Conditionn\u00e9s par bo\u00eete de 6 verres Encres sp\u00e9ciales et cuisson post-impression pour un marquage durable Adapt\u00e9 \u00e0 un usage intensif en&hellip;","_links":{"self":[{"href":"https:\/\/www.eurofacto.com\/en\/wp-json\/wp\/v2\/product\/4596","targetHints":{"allow":["GET"]}}],"collection":[{"href":"https:\/\/www.eurofacto.com\/en\/wp-json\/wp\/v2\/product"}],"about":[{"href":"https:\/\/www.eurofacto.com\/en\/wp-json\/wp\/v2\/types\/product"}],"wp:featuredmedia":[{"embeddable":true,"href":"https:\/\/www.eurofacto.com\/en\/wp-json\/wp\/v2\/media\/4604"}],"wp:attachment":[{"href":"https:\/\/www.eurofacto.com\/en\/wp-json\/wp\/v2\/media?parent=4596"}],"wp:term":[{"taxonomy":"product_brand","embeddable":true,"href":"https:\/\/www.eurofacto.com\/en\/wp-json\/wp\/v2\/product_brand?post=4596"},{"taxonomy":"product_cat","embeddable":true,"href":"https:\/\/www.eurofacto.com\/en\/wp-json\/wp\/v2\/product_cat?post=4596"},{"taxonomy":"product_tag","embeddable":true,"href":"https:\/\/www.eurofacto.com\/en\/wp-json\/wp\/v2\/product_tag?post=4596"}],"curies":[{"name":"wp","href":"https:\/\/api.w.org\/{rel}","templated":true}]}}