{"id":4631,"date":"2023-05-16T23:17:24","date_gmt":"2023-05-16T21:17:24","guid":{"rendered":"https:\/\/www.eurofacto.com\/?post_type=product&#038;p=4631"},"modified":"2025-02-17T18:35:52","modified_gmt":"2025-02-17T17:35:52","slug":"seau-a-glace-1-bouteille","status":"publish","type":"product","link":"https:\/\/www.eurofacto.com\/en\/product\/seau-a-glace-1-bouteille\/","title":{"rendered":"Seau \u00e0 glace 1 bouteille"},"content":{"rendered":"<p>&nbsp;<\/p>\n<p>&nbsp;<\/p>\n<p>B341<\/p>","protected":false},"excerpt":{"rendered":"<p>Seau rafra\u00eechisseur \u00e0 bouteille, capacit\u00e9 3L<br \/>\nCorps profil\u00e9 en plastique PP, avec anse sur un c\u00f4t\u00e9<br \/>\nCertifi\u00e9 compatible avec le contact alimentaire<\/p>","protected":false},"featured_media":4632,"template":"","meta":{"_uag_custom_page_level_css":""},"product_brand":[],"product_cat":[30,32],"product_tag":[],"class_list":{"0":"post-4631","1":"product","2":"type-product","3":"status-publish","4":"has-post-thumbnail","6":"product_cat-gastronomie","7":"product_cat-plv","9":"first","10":"instock","11":"shipping-taxable","12":"product-type-variable"},"uagb_featured_image_src":{"full":["https:\/\/www.eurofacto.com\/wp-content\/uploads\/2023\/05\/seau_bouteille_3L_ex5.jpg",1000,1000,false],"thumbnail":["https:\/\/www.eurofacto.com\/wp-content\/uploads\/2023\/05\/seau_bouteille_3L_ex5-150x150.jpg",150,150,true],"medium":["https:\/\/www.eurofacto.com\/wp-content\/uploads\/2023\/05\/seau_bouteille_3L_ex5-300x300.jpg",300,300,true],"medium_large":["https:\/\/www.eurofacto.com\/wp-content\/uploads\/2023\/05\/seau_bouteille_3L_ex5-768x768.jpg",768,768,true],"large":["https:\/\/www.eurofacto.com\/wp-content\/uploads\/2023\/05\/seau_bouteille_3L_ex5.jpg",1000,1000,false],"1536x1536":["https:\/\/www.eurofacto.com\/wp-content\/uploads\/2023\/05\/seau_bouteille_3L_ex5.jpg",1000,1000,false],"2048x2048":["https:\/\/www.eurofacto.com\/wp-content\/uploads\/2023\/05\/seau_bouteille_3L_ex5.jpg",1000,1000,false],"trp-custom-language-flag":["https:\/\/www.eurofacto.com\/wp-content\/uploads\/2023\/05\/seau_bouteille_3L_ex5-12x12.jpg",12,12,true],"woocommerce_archive_thumbnail":["https:\/\/www.eurofacto.com\/wp-content\/uploads\/2023\/05\/seau_bouteille_3L_ex5-300x300.jpg",300,300,true],"woocommerce_thumbnail":["https:\/\/www.eurofacto.com\/wp-content\/uploads\/2023\/05\/seau_bouteille_3L_ex5-300x300.jpg",300,300,true],"woocommerce_single":["https:\/\/www.eurofacto.com\/wp-content\/uploads\/2023\/05\/seau_bouteille_3L_ex5-600x600.jpg",600,600,true],"woocommerce_gallery_thumbnail":["https:\/\/www.eurofacto.com\/wp-content\/uploads\/2023\/05\/seau_bouteille_3L_ex5-100x100.jpg",100,100,true]},"uagb_author_info":{"display_name":"Antoine Ninat","author_link":"https:\/5ac1d44055f195d1\/5ac1d44055f195d1www.eurofacto.com\/5ac1d44055f195d1en\/5ac1d44055f195d1author\/5ac1d44055f195d1"},"uagb_comment_info":0,"uagb_excerpt":"Seau rafra\u00eechisseur \u00e0 bouteille, capacit\u00e9 3L Corps profil\u00e9 en plastique PP, avec anse sur un c\u00f4t\u00e9 Certifi\u00e9 compatible avec le contact alimentaire","_links":{"self":[{"href":"https:\/\/www.eurofacto.com\/en\/wp-json\/wp\/v2\/product\/4631","targetHints":{"allow":["GET"]}}],"collection":[{"href":"https:\/\/www.eurofacto.com\/en\/wp-json\/wp\/v2\/product"}],"about":[{"href":"https:\/\/www.eurofacto.com\/en\/wp-json\/wp\/v2\/types\/product"}],"wp:featuredmedia":[{"embeddable":true,"href":"https:\/\/www.eurofacto.com\/en\/wp-json\/wp\/v2\/media\/4632"}],"wp:attachment":[{"href":"https:\/\/www.eurofacto.com\/en\/wp-json\/wp\/v2\/media?parent=4631"}],"wp:term":[{"taxonomy":"product_brand","embeddable":true,"href":"https:\/\/www.eurofacto.com\/en\/wp-json\/wp\/v2\/product_brand?post=4631"},{"taxonomy":"product_cat","embeddable":true,"href":"https:\/\/www.eurofacto.com\/en\/wp-json\/wp\/v2\/product_cat?post=4631"},{"taxonomy":"product_tag","embeddable":true,"href":"https:\/\/www.eurofacto.com\/en\/wp-json\/wp\/v2\/product_tag?post=4631"}],"curies":[{"name":"wp","href":"https:\/\/api.w.org\/{rel}","templated":true}]}}