{"id":4645,"date":"2023-05-24T17:27:02","date_gmt":"2023-05-24T15:27:02","guid":{"rendered":"https:\/\/www.eurofacto.com\/?post_type=product&#038;p=4645"},"modified":"2024-10-22T10:56:35","modified_gmt":"2024-10-22T08:56:35","slug":"spatule-a-crepes","status":"publish","type":"product","link":"https:\/\/www.eurofacto.com\/en\/product\/spatule-a-crepes\/","title":{"rendered":"Spatule \u00e0 cr\u00eapes"},"content":{"rendered":"<p>&nbsp;<\/p>\n<p>&nbsp;<\/p>\n<p>B345<\/p>","protected":false},"excerpt":{"rendered":"<p>En bois de h\u00eatre naturel massif, cette spatule \u00e9vite tout risque de rayures pour votre cr\u00eapi\u00e8re ou autre po\u00eale au rev\u00eatement anti-adh\u00e9sif.<\/p>\n<p>Gr\u00e2ce \u00e0 ses bords en biseaux arrondis, elle vous permettra de se glisser sous vos cr\u00eapes et pancakes afin de les tourner et retourner facilement.<\/p>\n<p>Entretien manuel recommand\u00e9.<\/p>","protected":false},"featured_media":4648,"template":"","meta":{"_uag_custom_page_level_css":""},"product_brand":[],"product_cat":[24,22],"product_tag":[],"class_list":{"0":"post-4645","1":"product","2":"type-product","3":"status-publish","4":"has-post-thumbnail","6":"product_cat-cuisine","7":"product_cat-maison","9":"first","10":"instock","11":"shipping-taxable","12":"product-type-variable"},"uagb_featured_image_src":{"full":["https:\/\/www.eurofacto.com\/wp-content\/uploads\/2023\/05\/spatule_crepe_ex2.jpg",1000,1000,false],"thumbnail":["https:\/\/www.eurofacto.com\/wp-content\/uploads\/2023\/05\/spatule_crepe_ex2-150x150.jpg",150,150,true],"medium":["https:\/\/www.eurofacto.com\/wp-content\/uploads\/2023\/05\/spatule_crepe_ex2-300x300.jpg",300,300,true],"medium_large":["https:\/\/www.eurofacto.com\/wp-content\/uploads\/2023\/05\/spatule_crepe_ex2-768x768.jpg",768,768,true],"large":["https:\/\/www.eurofacto.com\/wp-content\/uploads\/2023\/05\/spatule_crepe_ex2.jpg",1000,1000,false],"1536x1536":["https:\/\/www.eurofacto.com\/wp-content\/uploads\/2023\/05\/spatule_crepe_ex2.jpg",1000,1000,false],"2048x2048":["https:\/\/www.eurofacto.com\/wp-content\/uploads\/2023\/05\/spatule_crepe_ex2.jpg",1000,1000,false],"trp-custom-language-flag":["https:\/\/www.eurofacto.com\/wp-content\/uploads\/2023\/05\/spatule_crepe_ex2-12x12.jpg",12,12,true],"woocommerce_archive_thumbnail":["https:\/\/www.eurofacto.com\/wp-content\/uploads\/2023\/05\/spatule_crepe_ex2-300x300.jpg",300,300,true],"woocommerce_thumbnail":["https:\/\/www.eurofacto.com\/wp-content\/uploads\/2023\/05\/spatule_crepe_ex2-300x300.jpg",300,300,true],"woocommerce_single":["https:\/\/www.eurofacto.com\/wp-content\/uploads\/2023\/05\/spatule_crepe_ex2-600x600.jpg",600,600,true],"woocommerce_gallery_thumbnail":["https:\/\/www.eurofacto.com\/wp-content\/uploads\/2023\/05\/spatule_crepe_ex2-100x100.jpg",100,100,true]},"uagb_author_info":{"display_name":"Antoine Ninat","author_link":"https:\/5ac1d44055f195d1\/5ac1d44055f195d1www.eurofacto.com\/5ac1d44055f195d1en\/5ac1d44055f195d1author\/5ac1d44055f195d1"},"uagb_comment_info":0,"uagb_excerpt":"En bois de h\u00eatre naturel massif, cette spatule \u00e9vite tout risque de rayures pour votre cr\u00eapi\u00e8re ou autre po\u00eale au rev\u00eatement anti-adh\u00e9sif. Gr\u00e2ce \u00e0 ses bords en biseaux arrondis, elle vous permettra de se glisser sous vos cr\u00eapes et pancakes afin de les tourner et retourner facilement. Entretien manuel recommand\u00e9.","_links":{"self":[{"href":"https:\/\/www.eurofacto.com\/en\/wp-json\/wp\/v2\/product\/4645","targetHints":{"allow":["GET"]}}],"collection":[{"href":"https:\/\/www.eurofacto.com\/en\/wp-json\/wp\/v2\/product"}],"about":[{"href":"https:\/\/www.eurofacto.com\/en\/wp-json\/wp\/v2\/types\/product"}],"wp:featuredmedia":[{"embeddable":true,"href":"https:\/\/www.eurofacto.com\/en\/wp-json\/wp\/v2\/media\/4648"}],"wp:attachment":[{"href":"https:\/\/www.eurofacto.com\/en\/wp-json\/wp\/v2\/media?parent=4645"}],"wp:term":[{"taxonomy":"product_brand","embeddable":true,"href":"https:\/\/www.eurofacto.com\/en\/wp-json\/wp\/v2\/product_brand?post=4645"},{"taxonomy":"product_cat","embeddable":true,"href":"https:\/\/www.eurofacto.com\/en\/wp-json\/wp\/v2\/product_cat?post=4645"},{"taxonomy":"product_tag","embeddable":true,"href":"https:\/\/www.eurofacto.com\/en\/wp-json\/wp\/v2\/product_tag?post=4645"}],"curies":[{"name":"wp","href":"https:\/\/api.w.org\/{rel}","templated":true}]}}