{"id":4677,"date":"2023-07-04T14:49:30","date_gmt":"2023-07-04T12:49:30","guid":{"rendered":"https:\/\/www.eurofacto.com\/?post_type=product&#038;p=4677"},"modified":"2024-07-04T20:52:33","modified_gmt":"2024-07-04T18:52:33","slug":"porte-etiquette-a-bagage-reflechissant","status":"publish","type":"product","link":"https:\/\/www.eurofacto.com\/en\/product\/porte-etiquette-a-bagage-reflechissant\/","title":{"rendered":"Reflective luggage tag"},"content":{"rendered":"<p>&nbsp;<\/p>\n<p>&nbsp;<\/p>\n<p>B346<\/p>","protected":false},"excerpt":{"rendered":"<p>Thick and flexible plastic luggage tag<br \/>\nYellow or silver reflective front side, back side with transparent window<\/p>\n<p>The small pre-printed cardboard for contact information is included<br \/>\nOn request, other colors are available (green, blue, orange, pink, red, purple)<\/p>\n<p>Individual packaging optional (+0.30 \u20ac\/pc)<\/p>","protected":false},"featured_media":4685,"template":"","meta":{"_uag_custom_page_level_css":""},"product_brand":[],"product_cat":[33,752],"product_tag":[],"class_list":{"0":"post-4677","1":"product","2":"type-product","3":"status-publish","4":"has-post-thumbnail","6":"product_cat-loisirs","7":"product_cat-voyage","9":"first","10":"instock","11":"shipping-taxable","12":"product-type-variable"},"uagb_featured_image_src":{"full":["https:\/\/www.eurofacto.com\/wp-content\/uploads\/2023\/07\/etiquette_bagage_reflech_ex10.jpg",1000,1000,false],"thumbnail":["https:\/\/www.eurofacto.com\/wp-content\/uploads\/2023\/07\/etiquette_bagage_reflech_ex10-150x150.jpg",150,150,true],"medium":["https:\/\/www.eurofacto.com\/wp-content\/uploads\/2023\/07\/etiquette_bagage_reflech_ex10-300x300.jpg",300,300,true],"medium_large":["https:\/\/www.eurofacto.com\/wp-content\/uploads\/2023\/07\/etiquette_bagage_reflech_ex10-768x768.jpg",768,768,true],"large":["https:\/\/www.eurofacto.com\/wp-content\/uploads\/2023\/07\/etiquette_bagage_reflech_ex10.jpg",1000,1000,false],"1536x1536":["https:\/\/www.eurofacto.com\/wp-content\/uploads\/2023\/07\/etiquette_bagage_reflech_ex10.jpg",1000,1000,false],"2048x2048":["https:\/\/www.eurofacto.com\/wp-content\/uploads\/2023\/07\/etiquette_bagage_reflech_ex10.jpg",1000,1000,false],"trp-custom-language-flag":["https:\/\/www.eurofacto.com\/wp-content\/uploads\/2023\/07\/etiquette_bagage_reflech_ex10-12x12.jpg",12,12,true],"woocommerce_archive_thumbnail":["https:\/\/www.eurofacto.com\/wp-content\/uploads\/2023\/07\/etiquette_bagage_reflech_ex10-300x300.jpg",300,300,true],"woocommerce_thumbnail":["https:\/\/www.eurofacto.com\/wp-content\/uploads\/2023\/07\/etiquette_bagage_reflech_ex10-300x300.jpg",300,300,true],"woocommerce_single":["https:\/\/www.eurofacto.com\/wp-content\/uploads\/2023\/07\/etiquette_bagage_reflech_ex10-600x600.jpg",600,600,true],"woocommerce_gallery_thumbnail":["https:\/\/www.eurofacto.com\/wp-content\/uploads\/2023\/07\/etiquette_bagage_reflech_ex10-100x100.jpg",100,100,true]},"uagb_author_info":{"display_name":"Antoine Ninat","author_link":"https:\/5ac1d44055f195d1\/5ac1d44055f195d1www.eurofacto.com\/5ac1d44055f195d1en\/5ac1d44055f195d1author\/5ac1d44055f195d1"},"uagb_comment_info":0,"uagb_excerpt":"Porte-\u00e9tiquette en plastique souple \u00e9pais Face recto r\u00e9fl\u00e9chissante jaune ou argent, face verso avec fen\u00eatre transparente Le petit carton pr\u00e9-imprim\u00e9 pour noter les coordonn\u00e9es est inclus Sur demande, d'autres coloris sont r\u00e9alisables (vert, bleu, orange, rose, rouge, violet) Conditionnement individuel en option (+0,30 \u20ac\/pc)","_links":{"self":[{"href":"https:\/\/www.eurofacto.com\/en\/wp-json\/wp\/v2\/product\/4677","targetHints":{"allow":["GET"]}}],"collection":[{"href":"https:\/\/www.eurofacto.com\/en\/wp-json\/wp\/v2\/product"}],"about":[{"href":"https:\/\/www.eurofacto.com\/en\/wp-json\/wp\/v2\/types\/product"}],"wp:featuredmedia":[{"embeddable":true,"href":"https:\/\/www.eurofacto.com\/en\/wp-json\/wp\/v2\/media\/4685"}],"wp:attachment":[{"href":"https:\/\/www.eurofacto.com\/en\/wp-json\/wp\/v2\/media?parent=4677"}],"wp:term":[{"taxonomy":"product_brand","embeddable":true,"href":"https:\/\/www.eurofacto.com\/en\/wp-json\/wp\/v2\/product_brand?post=4677"},{"taxonomy":"product_cat","embeddable":true,"href":"https:\/\/www.eurofacto.com\/en\/wp-json\/wp\/v2\/product_cat?post=4677"},{"taxonomy":"product_tag","embeddable":true,"href":"https:\/\/www.eurofacto.com\/en\/wp-json\/wp\/v2\/product_tag?post=4677"}],"curies":[{"name":"wp","href":"https:\/\/api.w.org\/{rel}","templated":true}]}}