{"id":4844,"date":"2023-09-29T18:31:54","date_gmt":"2023-09-29T16:31:54","guid":{"rendered":"https:\/\/www.eurofacto.com\/?post_type=product&#038;p=4844"},"modified":"2024-11-05T16:20:37","modified_gmt":"2024-11-05T15:20:37","slug":"boite-a-burger","status":"publish","type":"product","link":"https:\/\/www.eurofacto.com\/en\/product\/boite-a-burger\/","title":{"rendered":"Bo\u00eete \u00e0 burger"},"content":{"rendered":"<p>&nbsp;<\/p>\n<p>&nbsp;<\/p>\n<p>B354<\/p>","protected":false},"excerpt":{"rendered":"<p>Pochette en carton 350 g\/m\u00b2 recyclable et biod\u00e9gradable<br \/>\nApte au contact alimentaire, sans go\u00fbt ni odeur<\/p>\n<p>Disponible selon deux formats (petit ou grand)<br \/>\nLivr\u00e9 \u00e0 plat (fond automatique)<\/p>","protected":false},"featured_media":4853,"template":"","meta":{"_uag_custom_page_level_css":""},"product_brand":[],"product_cat":[30,31],"product_tag":[],"class_list":{"0":"post-4844","1":"product","2":"type-product","3":"status-publish","4":"has-post-thumbnail","6":"product_cat-gastronomie","7":"product_cat-packaging","9":"first","10":"instock","11":"shipping-taxable","12":"product-type-variable"},"uagb_featured_image_src":{"full":["https:\/\/www.eurofacto.com\/wp-content\/uploads\/2023\/09\/Boite_burger_ex11.jpg",1000,1000,false],"thumbnail":["https:\/\/www.eurofacto.com\/wp-content\/uploads\/2023\/09\/Boite_burger_ex11-150x150.jpg",150,150,true],"medium":["https:\/\/www.eurofacto.com\/wp-content\/uploads\/2023\/09\/Boite_burger_ex11-300x300.jpg",300,300,true],"medium_large":["https:\/\/www.eurofacto.com\/wp-content\/uploads\/2023\/09\/Boite_burger_ex11-768x768.jpg",768,768,true],"large":["https:\/\/www.eurofacto.com\/wp-content\/uploads\/2023\/09\/Boite_burger_ex11.jpg",1000,1000,false],"1536x1536":["https:\/\/www.eurofacto.com\/wp-content\/uploads\/2023\/09\/Boite_burger_ex11.jpg",1000,1000,false],"2048x2048":["https:\/\/www.eurofacto.com\/wp-content\/uploads\/2023\/09\/Boite_burger_ex11.jpg",1000,1000,false],"trp-custom-language-flag":["https:\/\/www.eurofacto.com\/wp-content\/uploads\/2023\/09\/Boite_burger_ex11-12x12.jpg",12,12,true],"woocommerce_archive_thumbnail":["https:\/\/www.eurofacto.com\/wp-content\/uploads\/2023\/09\/Boite_burger_ex11-300x300.jpg",300,300,true],"woocommerce_thumbnail":["https:\/\/www.eurofacto.com\/wp-content\/uploads\/2023\/09\/Boite_burger_ex11-300x300.jpg",300,300,true],"woocommerce_single":["https:\/\/www.eurofacto.com\/wp-content\/uploads\/2023\/09\/Boite_burger_ex11-600x600.jpg",600,600,true],"woocommerce_gallery_thumbnail":["https:\/\/www.eurofacto.com\/wp-content\/uploads\/2023\/09\/Boite_burger_ex11-100x100.jpg",100,100,true]},"uagb_author_info":{"display_name":"Antoine Ninat","author_link":"https:\/5ac1d44055f195d1\/5ac1d44055f195d1www.eurofacto.com\/5ac1d44055f195d1en\/5ac1d44055f195d1author\/5ac1d44055f195d1"},"uagb_comment_info":0,"uagb_excerpt":"Pochette en carton 350 g\/m\u00b2 recyclable et biod\u00e9gradable Apte au contact alimentaire, sans go\u00fbt ni odeur Disponible selon deux formats (petit ou grand) Livr\u00e9 \u00e0 plat (fond automatique)","_links":{"self":[{"href":"https:\/\/www.eurofacto.com\/en\/wp-json\/wp\/v2\/product\/4844","targetHints":{"allow":["GET"]}}],"collection":[{"href":"https:\/\/www.eurofacto.com\/en\/wp-json\/wp\/v2\/product"}],"about":[{"href":"https:\/\/www.eurofacto.com\/en\/wp-json\/wp\/v2\/types\/product"}],"wp:featuredmedia":[{"embeddable":true,"href":"https:\/\/www.eurofacto.com\/en\/wp-json\/wp\/v2\/media\/4853"}],"wp:attachment":[{"href":"https:\/\/www.eurofacto.com\/en\/wp-json\/wp\/v2\/media?parent=4844"}],"wp:term":[{"taxonomy":"product_brand","embeddable":true,"href":"https:\/\/www.eurofacto.com\/en\/wp-json\/wp\/v2\/product_brand?post=4844"},{"taxonomy":"product_cat","embeddable":true,"href":"https:\/\/www.eurofacto.com\/en\/wp-json\/wp\/v2\/product_cat?post=4844"},{"taxonomy":"product_tag","embeddable":true,"href":"https:\/\/www.eurofacto.com\/en\/wp-json\/wp\/v2\/product_tag?post=4844"}],"curies":[{"name":"wp","href":"https:\/\/api.w.org\/{rel}","templated":true}]}}