{"id":5059,"date":"2023-11-15T14:09:03","date_gmt":"2023-11-15T13:09:03","guid":{"rendered":"https:\/\/www.eurofacto.com\/?post_type=product&#038;p=5059"},"modified":"2025-11-06T13:06:14","modified_gmt":"2025-11-06T12:06:14","slug":"econome-france","status":"publish","type":"product","link":"https:\/\/www.eurofacto.com\/en\/product\/econome-france\/","title":{"rendered":"\u00c9conome France"},"content":{"rendered":"<p>&nbsp;<\/p>\n<p>&nbsp;<\/p>\n<p>B378<\/p>","protected":false},"excerpt":{"rendered":"<p>\u00c9plucheur manuel basique adapt\u00e9 \u00e0 tous les types de fruits et l\u00e9gumes<br \/>\nManche en bois de h\u00eatre vernis naturel<br \/>\nBois teint\u00e9 ou color\u00e9 sur demande<br \/>\nLame \u00e0 pointe en acier inoxydable tremp\u00e9<\/p>\n<p>Double lame, convenant aux droitiers comme aux gauchers<br \/>\nHandwash only<\/p>\n<p><strong>Made in France<\/strong><\/p>","protected":false},"featured_media":5068,"template":"","meta":{"_uag_custom_page_level_css":""},"product_brand":[],"product_cat":[24,22],"product_tag":[],"class_list":{"0":"post-5059","1":"product","2":"type-product","3":"status-publish","4":"has-post-thumbnail","6":"product_cat-cuisine","7":"product_cat-maison","9":"first","10":"instock","11":"shipping-taxable","12":"product-type-variable"},"uagb_featured_image_src":{"full":["https:\/\/www.eurofacto.com\/wp-content\/uploads\/2023\/11\/econome_france_ex3.jpg",1000,1000,false],"thumbnail":["https:\/\/www.eurofacto.com\/wp-content\/uploads\/2023\/11\/econome_france_ex3-150x150.jpg",150,150,true],"medium":["https:\/\/www.eurofacto.com\/wp-content\/uploads\/2023\/11\/econome_france_ex3-300x300.jpg",300,300,true],"medium_large":["https:\/\/www.eurofacto.com\/wp-content\/uploads\/2023\/11\/econome_france_ex3-768x768.jpg",768,768,true],"large":["https:\/\/www.eurofacto.com\/wp-content\/uploads\/2023\/11\/econome_france_ex3.jpg",1000,1000,false],"1536x1536":["https:\/\/www.eurofacto.com\/wp-content\/uploads\/2023\/11\/econome_france_ex3.jpg",1000,1000,false],"2048x2048":["https:\/\/www.eurofacto.com\/wp-content\/uploads\/2023\/11\/econome_france_ex3.jpg",1000,1000,false],"trp-custom-language-flag":["https:\/\/www.eurofacto.com\/wp-content\/uploads\/2023\/11\/econome_france_ex3-12x12.jpg",12,12,true],"woocommerce_archive_thumbnail":["https:\/\/www.eurofacto.com\/wp-content\/uploads\/2023\/11\/econome_france_ex3-300x300.jpg",300,300,true],"woocommerce_thumbnail":["https:\/\/www.eurofacto.com\/wp-content\/uploads\/2023\/11\/econome_france_ex3-300x300.jpg",300,300,true],"woocommerce_single":["https:\/\/www.eurofacto.com\/wp-content\/uploads\/2023\/11\/econome_france_ex3-600x600.jpg",600,600,true],"woocommerce_gallery_thumbnail":["https:\/\/www.eurofacto.com\/wp-content\/uploads\/2023\/11\/econome_france_ex3-100x100.jpg",100,100,true]},"uagb_author_info":{"display_name":"Antoine Ninat","author_link":"https:\/5ac1d44055f195d1\/5ac1d44055f195d1www.eurofacto.com\/5ac1d44055f195d1en\/5ac1d44055f195d1author\/5ac1d44055f195d1"},"uagb_comment_info":0,"uagb_excerpt":"\u00c9plucheur manuel basique adapt\u00e9 \u00e0 tous les types de fruits et l\u00e9gumes Manche en bois de h\u00eatre vernis naturel Bois teint\u00e9 ou color\u00e9 sur demande Lame \u00e0 pointe en acier inoxydable tremp\u00e9 Double lame, convenant aux droitiers comme aux gauchers Entretien manuel recommand\u00e9 Fabriqu\u00e9 en France","_links":{"self":[{"href":"https:\/\/www.eurofacto.com\/en\/wp-json\/wp\/v2\/product\/5059","targetHints":{"allow":["GET"]}}],"collection":[{"href":"https:\/\/www.eurofacto.com\/en\/wp-json\/wp\/v2\/product"}],"about":[{"href":"https:\/\/www.eurofacto.com\/en\/wp-json\/wp\/v2\/types\/product"}],"wp:featuredmedia":[{"embeddable":true,"href":"https:\/\/www.eurofacto.com\/en\/wp-json\/wp\/v2\/media\/5068"}],"wp:attachment":[{"href":"https:\/\/www.eurofacto.com\/en\/wp-json\/wp\/v2\/media?parent=5059"}],"wp:term":[{"taxonomy":"product_brand","embeddable":true,"href":"https:\/\/www.eurofacto.com\/en\/wp-json\/wp\/v2\/product_brand?post=5059"},{"taxonomy":"product_cat","embeddable":true,"href":"https:\/\/www.eurofacto.com\/en\/wp-json\/wp\/v2\/product_cat?post=5059"},{"taxonomy":"product_tag","embeddable":true,"href":"https:\/\/www.eurofacto.com\/en\/wp-json\/wp\/v2\/product_tag?post=5059"}],"curies":[{"name":"wp","href":"https:\/\/api.w.org\/{rel}","templated":true}]}}