{"id":5234,"date":"2024-02-07T06:20:56","date_gmt":"2024-02-07T05:20:56","guid":{"rendered":"https:\/\/www.eurofacto.com\/?post_type=product&#038;p=5234"},"modified":"2025-11-17T14:23:24","modified_gmt":"2025-11-17T13:23:24","slug":"verre-a-liqueur","status":"publish","type":"product","link":"https:\/\/www.eurofacto.com\/en\/product\/verre-a-liqueur\/","title":{"rendered":"Verre \u00e0 liqueur"},"content":{"rendered":"<p>&nbsp;<\/p>\n<p>&nbsp;<\/p>\n<p>C385<\/p>","protected":false},"excerpt":{"rendered":"<p>Petit verre \u00e0 pied au calice large et buvant resserr\u00e9<br \/>\nDestin\u00e9 \u00e0 la consommation de liqueurs, cognac, armagnac, eaux-de-vie et autres spiritueux<\/p>\n<p>Dishwasher safe and temperature changes resistant<br \/>\nContenance 25 cL<\/p>\n<p>Sur demande, ce mod\u00e8le existe en petit (15cL) ou grand (41cL) format <em>(please contact us)<\/em><\/p>\n<p>Special inks and high temperature firing for long-lasting marking<br \/>\nSuitable for intensive use in a professional environment<\/p>\n<p><strong>Important notice:<\/strong> fragile item delivered on pallets<br \/>\nSpecific shipping costs<em> (see below)<\/em><\/p>","protected":false},"featured_media":5239,"template":"","meta":{"_uag_custom_page_level_css":""},"product_brand":[],"product_cat":[22,1237],"product_tag":[],"class_list":{"0":"post-5234","1":"product","2":"type-product","3":"status-publish","4":"has-post-thumbnail","6":"product_cat-maison","7":"product_cat-verres-et-mugs","9":"first","10":"instock","11":"shipping-taxable","12":"product-type-variable"},"uagb_featured_image_src":{"full":["https:\/\/www.eurofacto.com\/wp-content\/uploads\/2024\/02\/verre_a_liqueur_ex4.jpg",1000,1000,false],"thumbnail":["https:\/\/www.eurofacto.com\/wp-content\/uploads\/2024\/02\/verre_a_liqueur_ex4-150x150.jpg",150,150,true],"medium":["https:\/\/www.eurofacto.com\/wp-content\/uploads\/2024\/02\/verre_a_liqueur_ex4-300x300.jpg",300,300,true],"medium_large":["https:\/\/www.eurofacto.com\/wp-content\/uploads\/2024\/02\/verre_a_liqueur_ex4-768x768.jpg",768,768,true],"large":["https:\/\/www.eurofacto.com\/wp-content\/uploads\/2024\/02\/verre_a_liqueur_ex4.jpg",1000,1000,false],"1536x1536":["https:\/\/www.eurofacto.com\/wp-content\/uploads\/2024\/02\/verre_a_liqueur_ex4.jpg",1000,1000,false],"2048x2048":["https:\/\/www.eurofacto.com\/wp-content\/uploads\/2024\/02\/verre_a_liqueur_ex4.jpg",1000,1000,false],"trp-custom-language-flag":["https:\/\/www.eurofacto.com\/wp-content\/uploads\/2024\/02\/verre_a_liqueur_ex4-12x12.jpg",12,12,true],"woocommerce_archive_thumbnail":["https:\/\/www.eurofacto.com\/wp-content\/uploads\/2024\/02\/verre_a_liqueur_ex4-300x300.jpg",300,300,true],"woocommerce_thumbnail":["https:\/\/www.eurofacto.com\/wp-content\/uploads\/2024\/02\/verre_a_liqueur_ex4-300x300.jpg",300,300,true],"woocommerce_single":["https:\/\/www.eurofacto.com\/wp-content\/uploads\/2024\/02\/verre_a_liqueur_ex4-600x600.jpg",600,600,true],"woocommerce_gallery_thumbnail":["https:\/\/www.eurofacto.com\/wp-content\/uploads\/2024\/02\/verre_a_liqueur_ex4-100x100.jpg",100,100,true]},"uagb_author_info":{"display_name":"Antoine Ninat","author_link":"https:\/5ac1d44055f195d1\/5ac1d44055f195d1www.eurofacto.com\/5ac1d44055f195d1en\/5ac1d44055f195d1author\/5ac1d44055f195d1"},"uagb_comment_info":0,"uagb_excerpt":"Petit verre \u00e0 pied au calice large et buvant resserr\u00e9 Destin\u00e9 \u00e0 la consommation de liqueurs, cognac, armagnac, eaux-de-vie et autres spiritueux Passe au lave-vaisselle et r\u00e9siste aux variations de temp\u00e9rature Contenance 25 cL Sur demande, ce mod\u00e8le existe en petit (15cL) ou grand (41cL) format (nous consulter) Encres sp\u00e9ciales et cuisson post-impression pour un&hellip;","_links":{"self":[{"href":"https:\/\/www.eurofacto.com\/en\/wp-json\/wp\/v2\/product\/5234","targetHints":{"allow":["GET"]}}],"collection":[{"href":"https:\/\/www.eurofacto.com\/en\/wp-json\/wp\/v2\/product"}],"about":[{"href":"https:\/\/www.eurofacto.com\/en\/wp-json\/wp\/v2\/types\/product"}],"wp:featuredmedia":[{"embeddable":true,"href":"https:\/\/www.eurofacto.com\/en\/wp-json\/wp\/v2\/media\/5239"}],"wp:attachment":[{"href":"https:\/\/www.eurofacto.com\/en\/wp-json\/wp\/v2\/media?parent=5234"}],"wp:term":[{"taxonomy":"product_brand","embeddable":true,"href":"https:\/\/www.eurofacto.com\/en\/wp-json\/wp\/v2\/product_brand?post=5234"},{"taxonomy":"product_cat","embeddable":true,"href":"https:\/\/www.eurofacto.com\/en\/wp-json\/wp\/v2\/product_cat?post=5234"},{"taxonomy":"product_tag","embeddable":true,"href":"https:\/\/www.eurofacto.com\/en\/wp-json\/wp\/v2\/product_tag?post=5234"}],"curies":[{"name":"wp","href":"https:\/\/api.w.org\/{rel}","templated":true}]}}