{"id":5245,"date":"2024-02-07T18:08:08","date_gmt":"2024-02-07T17:08:08","guid":{"rendered":"https:\/\/www.eurofacto.com\/?post_type=product&#038;p=5245"},"modified":"2025-11-17T14:21:52","modified_gmt":"2025-11-17T13:21:52","slug":"verre-a-vin-france","status":"publish","type":"product","link":"https:\/\/www.eurofacto.com\/en\/product\/verre-a-vin-france\/","title":{"rendered":"Verre \u00e0 vin France"},"content":{"rendered":"<p><a href=\"https:\/\/www.eurofacto.com\/wp-content\/uploads\/2024\/02\/FT-Verre-a-vin-France.pdf\"><strong>Download<\/strong> la fiche technique (Verre \u00e0 vin France)<\/a><\/p>\n<p>&nbsp;<\/p>\n<p>C375<\/p>","protected":false},"excerpt":{"rendered":"<p>Corps en verre ultra-transparent \u2013\u00a0<strong>Made in France<\/strong><br \/>\nDishwasher safe and temperature changes resistant<br \/>\nPacked per 6 pcs in a box<\/p>\n<p>Trois formats diff\u00e9rents sont disponibles : 30 cL, 40 cL et 50 cL<\/p>\n<p>Special inks and high temperature firing for long-lasting marking<br \/>\nAdapt\u00e9 \u00e0 un usage en milieu professionnel<\/p>\n<p><strong>Important notice:<\/strong>\u00a0fragile item delivered on pallets<br \/>\nSpecific shipping costs (see below)<\/p>","protected":false},"featured_media":5260,"template":"","meta":{"_uag_custom_page_level_css":""},"product_brand":[],"product_cat":[22,1237],"product_tag":[],"class_list":{"0":"post-5245","1":"product","2":"type-product","3":"status-publish","4":"has-post-thumbnail","6":"product_cat-maison","7":"product_cat-verres-et-mugs","9":"first","10":"instock","11":"shipping-taxable","12":"product-type-variable"},"uagb_featured_image_src":{"full":["https:\/\/www.eurofacto.com\/wp-content\/uploads\/2024\/02\/verre_a_vin_france_ex6.jpg",1000,1000,false],"thumbnail":["https:\/\/www.eurofacto.com\/wp-content\/uploads\/2024\/02\/verre_a_vin_france_ex6-150x150.jpg",150,150,true],"medium":["https:\/\/www.eurofacto.com\/wp-content\/uploads\/2024\/02\/verre_a_vin_france_ex6-300x300.jpg",300,300,true],"medium_large":["https:\/\/www.eurofacto.com\/wp-content\/uploads\/2024\/02\/verre_a_vin_france_ex6-768x768.jpg",768,768,true],"large":["https:\/\/www.eurofacto.com\/wp-content\/uploads\/2024\/02\/verre_a_vin_france_ex6.jpg",1000,1000,false],"1536x1536":["https:\/\/www.eurofacto.com\/wp-content\/uploads\/2024\/02\/verre_a_vin_france_ex6.jpg",1000,1000,false],"2048x2048":["https:\/\/www.eurofacto.com\/wp-content\/uploads\/2024\/02\/verre_a_vin_france_ex6.jpg",1000,1000,false],"trp-custom-language-flag":["https:\/\/www.eurofacto.com\/wp-content\/uploads\/2024\/02\/verre_a_vin_france_ex6-12x12.jpg",12,12,true],"woocommerce_archive_thumbnail":["https:\/\/www.eurofacto.com\/wp-content\/uploads\/2024\/02\/verre_a_vin_france_ex6-300x300.jpg",300,300,true],"woocommerce_thumbnail":["https:\/\/www.eurofacto.com\/wp-content\/uploads\/2024\/02\/verre_a_vin_france_ex6-300x300.jpg",300,300,true],"woocommerce_single":["https:\/\/www.eurofacto.com\/wp-content\/uploads\/2024\/02\/verre_a_vin_france_ex6-600x600.jpg",600,600,true],"woocommerce_gallery_thumbnail":["https:\/\/www.eurofacto.com\/wp-content\/uploads\/2024\/02\/verre_a_vin_france_ex6-100x100.jpg",100,100,true]},"uagb_author_info":{"display_name":"Antoine Ninat","author_link":"https:\/5ac1d44055f195d1\/5ac1d44055f195d1www.eurofacto.com\/5ac1d44055f195d1en\/5ac1d44055f195d1author\/5ac1d44055f195d1"},"uagb_comment_info":0,"uagb_excerpt":"Corps en verre ultra-transparent \u2013\u00a0Fabriqu\u00e9 en France Passe au lave-vaisselle et r\u00e9siste aux variations de temp\u00e9rature Conditionn\u00e9 par bo\u00eete de 6 verres Trois formats diff\u00e9rents sont disponibles : 30 cL, 40 cL et 50 cL Encres sp\u00e9ciales et cuisson post-impression pour un marquage durable Adapt\u00e9 \u00e0 un usage en milieu professionnel Attention :\u00a0article fragile livr\u00e9&hellip;","_links":{"self":[{"href":"https:\/\/www.eurofacto.com\/en\/wp-json\/wp\/v2\/product\/5245","targetHints":{"allow":["GET"]}}],"collection":[{"href":"https:\/\/www.eurofacto.com\/en\/wp-json\/wp\/v2\/product"}],"about":[{"href":"https:\/\/www.eurofacto.com\/en\/wp-json\/wp\/v2\/types\/product"}],"wp:featuredmedia":[{"embeddable":true,"href":"https:\/\/www.eurofacto.com\/en\/wp-json\/wp\/v2\/media\/5260"}],"wp:attachment":[{"href":"https:\/\/www.eurofacto.com\/en\/wp-json\/wp\/v2\/media?parent=5245"}],"wp:term":[{"taxonomy":"product_brand","embeddable":true,"href":"https:\/\/www.eurofacto.com\/en\/wp-json\/wp\/v2\/product_brand?post=5245"},{"taxonomy":"product_cat","embeddable":true,"href":"https:\/\/www.eurofacto.com\/en\/wp-json\/wp\/v2\/product_cat?post=5245"},{"taxonomy":"product_tag","embeddable":true,"href":"https:\/\/www.eurofacto.com\/en\/wp-json\/wp\/v2\/product_tag?post=5245"}],"curies":[{"name":"wp","href":"https:\/\/api.w.org\/{rel}","templated":true}]}}