{"id":5313,"date":"2024-04-02T22:24:30","date_gmt":"2024-04-02T20:24:30","guid":{"rendered":"https:\/\/www.eurofacto.com\/?post_type=product&#038;p=5313"},"modified":"2026-03-30T10:31:25","modified_gmt":"2026-03-30T08:31:25","slug":"tote-bag-coton-bio","status":"publish","type":"product","link":"https:\/\/www.eurofacto.com\/en\/product\/tote-bag-coton-bio\/","title":{"rendered":"Tote bag en coton bio &#8211; FIN DE STOCK"},"content":{"rendered":"<p>&nbsp;<\/p>\n<p>&nbsp;<\/p>\n<p>C390<\/p>","protected":false},"excerpt":{"rendered":"<p>Sac shopping 100% coton <strong>biologique<\/strong> 150 g\/m\u00b2<br \/>\nAnses longues classiques 60&#215;2,5cm<br \/>\nColoris naturel<\/p>\n<p><strong>Attention : Produit d\u00e9r\u00e9f\u00e9renc\u00e9 \u00e0 compter de 2026<\/strong><br \/>\n<strong>Tarifs sp\u00e9ciaux valables jusqu&rsquo;\u00e9puisement du stock<\/strong><\/p>\n<p><strong>500 pcs disponibles (au 30\/03\/2026)<\/strong><\/p>","protected":false},"featured_media":5363,"template":"","meta":{"_uag_custom_page_level_css":""},"product_brand":[],"product_cat":[33,752],"product_tag":[],"class_list":{"0":"post-5313","1":"product","2":"type-product","3":"status-publish","4":"has-post-thumbnail","6":"product_cat-loisirs","7":"product_cat-voyage","9":"first","10":"instock","11":"shipping-taxable","12":"product-type-variable"},"uagb_featured_image_src":{"full":["https:\/\/www.eurofacto.com\/wp-content\/uploads\/2024\/04\/Tote_bag_bio_ex2.jpg",1000,1000,false],"thumbnail":["https:\/\/www.eurofacto.com\/wp-content\/uploads\/2024\/04\/Tote_bag_bio_ex2-150x150.jpg",150,150,true],"medium":["https:\/\/www.eurofacto.com\/wp-content\/uploads\/2024\/04\/Tote_bag_bio_ex2-300x300.jpg",300,300,true],"medium_large":["https:\/\/www.eurofacto.com\/wp-content\/uploads\/2024\/04\/Tote_bag_bio_ex2-768x768.jpg",768,768,true],"large":["https:\/\/www.eurofacto.com\/wp-content\/uploads\/2024\/04\/Tote_bag_bio_ex2.jpg",1000,1000,false],"1536x1536":["https:\/\/www.eurofacto.com\/wp-content\/uploads\/2024\/04\/Tote_bag_bio_ex2.jpg",1000,1000,false],"2048x2048":["https:\/\/www.eurofacto.com\/wp-content\/uploads\/2024\/04\/Tote_bag_bio_ex2.jpg",1000,1000,false],"trp-custom-language-flag":["https:\/\/www.eurofacto.com\/wp-content\/uploads\/2024\/04\/Tote_bag_bio_ex2-12x12.jpg",12,12,true],"woocommerce_archive_thumbnail":["https:\/\/www.eurofacto.com\/wp-content\/uploads\/2024\/04\/Tote_bag_bio_ex2-300x300.jpg",300,300,true],"woocommerce_thumbnail":["https:\/\/www.eurofacto.com\/wp-content\/uploads\/2024\/04\/Tote_bag_bio_ex2-300x300.jpg",300,300,true],"woocommerce_single":["https:\/\/www.eurofacto.com\/wp-content\/uploads\/2024\/04\/Tote_bag_bio_ex2-600x600.jpg",600,600,true],"woocommerce_gallery_thumbnail":["https:\/\/www.eurofacto.com\/wp-content\/uploads\/2024\/04\/Tote_bag_bio_ex2-100x100.jpg",100,100,true]},"uagb_author_info":{"display_name":"Antoine Ninat","author_link":"https:\/5ac1d44055f195d1\/5ac1d44055f195d1www.eurofacto.com\/5ac1d44055f195d1en\/5ac1d44055f195d1author\/5ac1d44055f195d1"},"uagb_comment_info":0,"uagb_excerpt":"Sac shopping 100% coton biologique 150 g\/m\u00b2 Anses longues classiques 60x2,5cm Coloris naturel Attention : Produit d\u00e9r\u00e9f\u00e9renc\u00e9 \u00e0 compter de 2026 Tarifs sp\u00e9ciaux valables jusqu'\u00e9puisement du stock 500 pcs disponibles (au 30\/03\/2026)","_links":{"self":[{"href":"https:\/\/www.eurofacto.com\/en\/wp-json\/wp\/v2\/product\/5313","targetHints":{"allow":["GET"]}}],"collection":[{"href":"https:\/\/www.eurofacto.com\/en\/wp-json\/wp\/v2\/product"}],"about":[{"href":"https:\/\/www.eurofacto.com\/en\/wp-json\/wp\/v2\/types\/product"}],"wp:featuredmedia":[{"embeddable":true,"href":"https:\/\/www.eurofacto.com\/en\/wp-json\/wp\/v2\/media\/5363"}],"wp:attachment":[{"href":"https:\/\/www.eurofacto.com\/en\/wp-json\/wp\/v2\/media?parent=5313"}],"wp:term":[{"taxonomy":"product_brand","embeddable":true,"href":"https:\/\/www.eurofacto.com\/en\/wp-json\/wp\/v2\/product_brand?post=5313"},{"taxonomy":"product_cat","embeddable":true,"href":"https:\/\/www.eurofacto.com\/en\/wp-json\/wp\/v2\/product_cat?post=5313"},{"taxonomy":"product_tag","embeddable":true,"href":"https:\/\/www.eurofacto.com\/en\/wp-json\/wp\/v2\/product_tag?post=5313"}],"curies":[{"name":"wp","href":"https:\/\/api.w.org\/{rel}","templated":true}]}}