{"id":5378,"date":"2024-04-08T16:30:51","date_gmt":"2024-04-08T14:30:51","guid":{"rendered":"https:\/\/www.eurofacto.com\/?post_type=product&#038;p=5378"},"modified":"2026-02-16T15:32:35","modified_gmt":"2026-02-16T14:32:35","slug":"sommelier-metal","status":"publish","type":"product","link":"https:\/\/www.eurofacto.com\/en\/product\/sommelier-metal\/","title":{"rendered":"Sommelier m\u00e9tal"},"content":{"rendered":"<p>&nbsp;<\/p>\n<p>&nbsp;<\/p>\n<p>C344<\/p>","protected":false},"excerpt":{"rendered":"<p>Manche principal en acier inoxydable laqu\u00e9 au choix parmi 15 coloris<br \/>\nAvec cheville moul\u00e9e en ABS pour une prise en main confortable<\/p>\n<p>Spirale tire-bouchon 5 tours en acier tremp\u00e9 antiadh\u00e9sif<br \/>\nM\u00e9canisme \u00e0 double levier, avec lame dentel\u00e9e<\/p>\n<p>Conditionn\u00e9 sous bo\u00eete individuelle en carton<br \/>\nBo\u00eete personnalis\u00e9e en option<em>\u00a0(please contact us)<\/em><\/p>","protected":false},"featured_media":5382,"template":"","meta":{"_uag_custom_page_level_css":""},"product_brand":[],"product_cat":[30,32],"product_tag":[],"class_list":{"0":"post-5378","1":"product","2":"type-product","3":"status-publish","4":"has-post-thumbnail","6":"product_cat-gastronomie","7":"product_cat-plv","9":"first","10":"instock","11":"shipping-taxable","12":"product-type-variable"},"uagb_featured_image_src":{"full":["https:\/\/www.eurofacto.com\/wp-content\/uploads\/2024\/04\/sommelier_ue_ex1.jpg",1000,1000,false],"thumbnail":["https:\/\/www.eurofacto.com\/wp-content\/uploads\/2024\/04\/sommelier_ue_ex1-150x150.jpg",150,150,true],"medium":["https:\/\/www.eurofacto.com\/wp-content\/uploads\/2024\/04\/sommelier_ue_ex1-300x300.jpg",300,300,true],"medium_large":["https:\/\/www.eurofacto.com\/wp-content\/uploads\/2024\/04\/sommelier_ue_ex1-768x768.jpg",768,768,true],"large":["https:\/\/www.eurofacto.com\/wp-content\/uploads\/2024\/04\/sommelier_ue_ex1.jpg",1000,1000,false],"1536x1536":["https:\/\/www.eurofacto.com\/wp-content\/uploads\/2024\/04\/sommelier_ue_ex1.jpg",1000,1000,false],"2048x2048":["https:\/\/www.eurofacto.com\/wp-content\/uploads\/2024\/04\/sommelier_ue_ex1.jpg",1000,1000,false],"trp-custom-language-flag":["https:\/\/www.eurofacto.com\/wp-content\/uploads\/2024\/04\/sommelier_ue_ex1-12x12.jpg",12,12,true],"woocommerce_archive_thumbnail":["https:\/\/www.eurofacto.com\/wp-content\/uploads\/2024\/04\/sommelier_ue_ex1-300x300.jpg",300,300,true],"woocommerce_thumbnail":["https:\/\/www.eurofacto.com\/wp-content\/uploads\/2024\/04\/sommelier_ue_ex1-300x300.jpg",300,300,true],"woocommerce_single":["https:\/\/www.eurofacto.com\/wp-content\/uploads\/2024\/04\/sommelier_ue_ex1-600x600.jpg",600,600,true],"woocommerce_gallery_thumbnail":["https:\/\/www.eurofacto.com\/wp-content\/uploads\/2024\/04\/sommelier_ue_ex1-100x100.jpg",100,100,true]},"uagb_author_info":{"display_name":"Antoine Ninat","author_link":"https:\/5ac1d44055f195d1\/5ac1d44055f195d1www.eurofacto.com\/5ac1d44055f195d1en\/5ac1d44055f195d1author\/5ac1d44055f195d1"},"uagb_comment_info":0,"uagb_excerpt":"Manche principal en acier inoxydable laqu\u00e9 au choix parmi 15 coloris Avec cheville moul\u00e9e en ABS pour une prise en main confortable Spirale tire-bouchon 5 tours en acier tremp\u00e9 antiadh\u00e9sif M\u00e9canisme \u00e0 double levier, avec lame dentel\u00e9e Conditionn\u00e9 sous bo\u00eete individuelle en carton Bo\u00eete personnalis\u00e9e en option\u00a0(nous consulter)","_links":{"self":[{"href":"https:\/\/www.eurofacto.com\/en\/wp-json\/wp\/v2\/product\/5378","targetHints":{"allow":["GET"]}}],"collection":[{"href":"https:\/\/www.eurofacto.com\/en\/wp-json\/wp\/v2\/product"}],"about":[{"href":"https:\/\/www.eurofacto.com\/en\/wp-json\/wp\/v2\/types\/product"}],"wp:featuredmedia":[{"embeddable":true,"href":"https:\/\/www.eurofacto.com\/en\/wp-json\/wp\/v2\/media\/5382"}],"wp:attachment":[{"href":"https:\/\/www.eurofacto.com\/en\/wp-json\/wp\/v2\/media?parent=5378"}],"wp:term":[{"taxonomy":"product_brand","embeddable":true,"href":"https:\/\/www.eurofacto.com\/en\/wp-json\/wp\/v2\/product_brand?post=5378"},{"taxonomy":"product_cat","embeddable":true,"href":"https:\/\/www.eurofacto.com\/en\/wp-json\/wp\/v2\/product_cat?post=5378"},{"taxonomy":"product_tag","embeddable":true,"href":"https:\/\/www.eurofacto.com\/en\/wp-json\/wp\/v2\/product_tag?post=5378"}],"curies":[{"name":"wp","href":"https:\/\/api.w.org\/{rel}","templated":true}]}}