{"id":5444,"date":"2024-06-27T17:40:54","date_gmt":"2024-06-27T15:40:54","guid":{"rendered":"https:\/\/www.eurofacto.com\/?post_type=product&#038;p=5444"},"modified":"2026-01-13T17:47:03","modified_gmt":"2026-01-13T16:47:03","slug":"verre-a-eau-classique-droit","status":"publish","type":"product","link":"https:\/\/www.eurofacto.com\/en\/product\/verre-a-eau-classique-droit\/","title":{"rendered":"Verre \u00e0 eau droit"},"content":{"rendered":"<p>&nbsp;<\/p>\n<p>&nbsp;<\/p>\n<p>C401<\/p>","protected":false},"excerpt":{"rendered":"<p>Corps en verre \u00e9pais et durable &#8211; <strong>Made in France<\/strong><br \/>\nDesign simple multi-usages pour le service de softs, cocktails et ap\u00e9ritifs<br \/>\nDishwasher safe and temperature changes resistant<br \/>\nContenance max. 270 mL<\/p>\n<p>Special inks and high temperature firing for long-lasting marking<br \/>\nSuitable for intensive use in a professional environment<\/p>\n<p><strong>Important notice:<\/strong> fragile item delivered on pallets<br \/>\nSpecific shipping costs<em> (see below)<\/em><\/p>","protected":false},"featured_media":5451,"template":"","meta":{"_uag_custom_page_level_css":""},"product_brand":[],"product_cat":[22,1237],"product_tag":[],"class_list":{"0":"post-5444","1":"product","2":"type-product","3":"status-publish","4":"has-post-thumbnail","6":"product_cat-maison","7":"product_cat-verres-et-mugs","9":"first","10":"instock","11":"shipping-taxable","12":"product-type-variable"},"uagb_featured_image_src":{"full":["https:\/\/www.eurofacto.com\/wp-content\/uploads\/2024\/06\/verre_eau_droit_ex3.jpg",1000,1000,false],"thumbnail":["https:\/\/www.eurofacto.com\/wp-content\/uploads\/2024\/06\/verre_eau_droit_ex3-150x150.jpg",150,150,true],"medium":["https:\/\/www.eurofacto.com\/wp-content\/uploads\/2024\/06\/verre_eau_droit_ex3-300x300.jpg",300,300,true],"medium_large":["https:\/\/www.eurofacto.com\/wp-content\/uploads\/2024\/06\/verre_eau_droit_ex3-768x768.jpg",768,768,true],"large":["https:\/\/www.eurofacto.com\/wp-content\/uploads\/2024\/06\/verre_eau_droit_ex3.jpg",1000,1000,false],"1536x1536":["https:\/\/www.eurofacto.com\/wp-content\/uploads\/2024\/06\/verre_eau_droit_ex3.jpg",1000,1000,false],"2048x2048":["https:\/\/www.eurofacto.com\/wp-content\/uploads\/2024\/06\/verre_eau_droit_ex3.jpg",1000,1000,false],"trp-custom-language-flag":["https:\/\/www.eurofacto.com\/wp-content\/uploads\/2024\/06\/verre_eau_droit_ex3-12x12.jpg",12,12,true],"woocommerce_archive_thumbnail":["https:\/\/www.eurofacto.com\/wp-content\/uploads\/2024\/06\/verre_eau_droit_ex3-300x300.jpg",300,300,true],"woocommerce_thumbnail":["https:\/\/www.eurofacto.com\/wp-content\/uploads\/2024\/06\/verre_eau_droit_ex3-300x300.jpg",300,300,true],"woocommerce_single":["https:\/\/www.eurofacto.com\/wp-content\/uploads\/2024\/06\/verre_eau_droit_ex3-600x600.jpg",600,600,true],"woocommerce_gallery_thumbnail":["https:\/\/www.eurofacto.com\/wp-content\/uploads\/2024\/06\/verre_eau_droit_ex3-100x100.jpg",100,100,true]},"uagb_author_info":{"display_name":"Antoine Ninat","author_link":"https:\/5ac1d44055f195d1\/5ac1d44055f195d1www.eurofacto.com\/5ac1d44055f195d1en\/5ac1d44055f195d1author\/5ac1d44055f195d1"},"uagb_comment_info":0,"uagb_excerpt":"Corps en verre \u00e9pais et durable - Fabriqu\u00e9 en France Design simple multi-usages pour le service de softs, cocktails et ap\u00e9ritifs Passe au lave-vaisselle et r\u00e9siste aux variations de temp\u00e9rature Contenance max. 270 mL Encres sp\u00e9ciales et cuisson post-impression pour un marquage durable Adapt\u00e9 \u00e0 un usage intensif en milieu professionnel Attention : article fragile&hellip;","_links":{"self":[{"href":"https:\/\/www.eurofacto.com\/en\/wp-json\/wp\/v2\/product\/5444","targetHints":{"allow":["GET"]}}],"collection":[{"href":"https:\/\/www.eurofacto.com\/en\/wp-json\/wp\/v2\/product"}],"about":[{"href":"https:\/\/www.eurofacto.com\/en\/wp-json\/wp\/v2\/types\/product"}],"wp:featuredmedia":[{"embeddable":true,"href":"https:\/\/www.eurofacto.com\/en\/wp-json\/wp\/v2\/media\/5451"}],"wp:attachment":[{"href":"https:\/\/www.eurofacto.com\/en\/wp-json\/wp\/v2\/media?parent=5444"}],"wp:term":[{"taxonomy":"product_brand","embeddable":true,"href":"https:\/\/www.eurofacto.com\/en\/wp-json\/wp\/v2\/product_brand?post=5444"},{"taxonomy":"product_cat","embeddable":true,"href":"https:\/\/www.eurofacto.com\/en\/wp-json\/wp\/v2\/product_cat?post=5444"},{"taxonomy":"product_tag","embeddable":true,"href":"https:\/\/www.eurofacto.com\/en\/wp-json\/wp\/v2\/product_tag?post=5444"}],"curies":[{"name":"wp","href":"https:\/\/api.w.org\/{rel}","templated":true}]}}