{"id":5561,"date":"2024-10-29T18:53:10","date_gmt":"2024-10-29T17:53:10","guid":{"rendered":"https:\/\/www.eurofacto.com\/?post_type=product&#038;p=5561"},"modified":"2026-03-17T10:10:22","modified_gmt":"2026-03-17T09:10:22","slug":"bouteille-a-fermeture-mecanique","status":"publish","type":"product","link":"https:\/\/www.eurofacto.com\/en\/product\/bouteille-a-fermeture-mecanique\/","title":{"rendered":"Bouteille \u00e0 fermeture m\u00e9canique"},"content":{"rendered":"<p>&nbsp;<\/p>\n<p>&nbsp;<\/p>\n<p>C398<\/p>","protected":false},"excerpt":{"rendered":"<p>Bouteille en verre multi-usages, au design simple et universel.<br \/>\nAvec fermeture m\u00e9tallique \u00e0 bascule et opercule en caoutchouc herm\u00e9tique.<\/p>\n<p>Peut contenir tout type de boisson gazeuse ou non gazeuse.<br \/>\nDeux formats sont disponibles au choix : 50 cL ou 1 L.<\/p>\n<p>Special inks and high temperature firing for long-lasting marking<br \/>\nSuitable for intensive use in a professional environment<\/p>\n<p><strong>Important notice:<\/strong> fragile item delivered on pallets<br \/>\nSpecific shipping costs (see below)<\/p>","protected":false},"featured_media":5578,"template":"","meta":{"_uag_custom_page_level_css":""},"product_brand":[],"product_cat":[23,22],"product_tag":[],"class_list":{"0":"post-5561","1":"product","2":"type-product","3":"status-publish","4":"has-post-thumbnail","6":"product_cat-arts-de-la-table","7":"product_cat-maison","9":"first","10":"instock","11":"shipping-taxable","12":"product-type-variable"},"uagb_featured_image_src":{"full":["https:\/\/www.eurofacto.com\/wp-content\/uploads\/2024\/10\/bouteille_bouchon_meca_ex5.jpg",1000,1000,false],"thumbnail":["https:\/\/www.eurofacto.com\/wp-content\/uploads\/2024\/10\/bouteille_bouchon_meca_ex5-150x150.jpg",150,150,true],"medium":["https:\/\/www.eurofacto.com\/wp-content\/uploads\/2024\/10\/bouteille_bouchon_meca_ex5-300x300.jpg",300,300,true],"medium_large":["https:\/\/www.eurofacto.com\/wp-content\/uploads\/2024\/10\/bouteille_bouchon_meca_ex5-768x768.jpg",768,768,true],"large":["https:\/\/www.eurofacto.com\/wp-content\/uploads\/2024\/10\/bouteille_bouchon_meca_ex5.jpg",1000,1000,false],"1536x1536":["https:\/\/www.eurofacto.com\/wp-content\/uploads\/2024\/10\/bouteille_bouchon_meca_ex5.jpg",1000,1000,false],"2048x2048":["https:\/\/www.eurofacto.com\/wp-content\/uploads\/2024\/10\/bouteille_bouchon_meca_ex5.jpg",1000,1000,false],"trp-custom-language-flag":["https:\/\/www.eurofacto.com\/wp-content\/uploads\/2024\/10\/bouteille_bouchon_meca_ex5-12x12.jpg",12,12,true],"woocommerce_archive_thumbnail":["https:\/\/www.eurofacto.com\/wp-content\/uploads\/2024\/10\/bouteille_bouchon_meca_ex5-300x300.jpg",300,300,true],"woocommerce_thumbnail":["https:\/\/www.eurofacto.com\/wp-content\/uploads\/2024\/10\/bouteille_bouchon_meca_ex5-300x300.jpg",300,300,true],"woocommerce_single":["https:\/\/www.eurofacto.com\/wp-content\/uploads\/2024\/10\/bouteille_bouchon_meca_ex5-600x600.jpg",600,600,true],"woocommerce_gallery_thumbnail":["https:\/\/www.eurofacto.com\/wp-content\/uploads\/2024\/10\/bouteille_bouchon_meca_ex5-100x100.jpg",100,100,true]},"uagb_author_info":{"display_name":"Antoine Ninat","author_link":"https:\/5ac1d44055f195d1\/5ac1d44055f195d1www.eurofacto.com\/5ac1d44055f195d1en\/5ac1d44055f195d1author\/5ac1d44055f195d1"},"uagb_comment_info":0,"uagb_excerpt":"Bouteille en verre multi-usages, au design simple et universel. Avec fermeture m\u00e9tallique \u00e0 bascule et opercule en caoutchouc herm\u00e9tique. Peut contenir tout type de boisson gazeuse ou non gazeuse. Deux formats sont disponibles au choix : 50 cL ou 1 L. Encres sp\u00e9ciales et cuisson post-impression pour un marquage durable Adapt\u00e9 \u00e0 un usage intensif&hellip;","_links":{"self":[{"href":"https:\/\/www.eurofacto.com\/en\/wp-json\/wp\/v2\/product\/5561","targetHints":{"allow":["GET"]}}],"collection":[{"href":"https:\/\/www.eurofacto.com\/en\/wp-json\/wp\/v2\/product"}],"about":[{"href":"https:\/\/www.eurofacto.com\/en\/wp-json\/wp\/v2\/types\/product"}],"wp:featuredmedia":[{"embeddable":true,"href":"https:\/\/www.eurofacto.com\/en\/wp-json\/wp\/v2\/media\/5578"}],"wp:attachment":[{"href":"https:\/\/www.eurofacto.com\/en\/wp-json\/wp\/v2\/media?parent=5561"}],"wp:term":[{"taxonomy":"product_brand","embeddable":true,"href":"https:\/\/www.eurofacto.com\/en\/wp-json\/wp\/v2\/product_brand?post=5561"},{"taxonomy":"product_cat","embeddable":true,"href":"https:\/\/www.eurofacto.com\/en\/wp-json\/wp\/v2\/product_cat?post=5561"},{"taxonomy":"product_tag","embeddable":true,"href":"https:\/\/www.eurofacto.com\/en\/wp-json\/wp\/v2\/product_tag?post=5561"}],"curies":[{"name":"wp","href":"https:\/\/api.w.org\/{rel}","templated":true}]}}