{"id":5664,"date":"2025-04-10T12:40:55","date_gmt":"2025-04-10T10:40:55","guid":{"rendered":"https:\/\/www.eurofacto.com\/?post_type=product&#038;p=5664"},"modified":"2025-09-09T15:07:27","modified_gmt":"2025-09-09T13:07:27","slug":"verre-a-vin-budget","status":"publish","type":"product","link":"https:\/\/www.eurofacto.com\/en\/product\/verre-a-vin-budget\/","title":{"rendered":"Verre \u00e0 vin budget"},"content":{"rendered":"<p>&nbsp;<\/p>\n<p>D402<\/p>","protected":false},"excerpt":{"rendered":"<p>Corps en verre classique \u2013 <strong>Made in France<\/strong><br \/>\nVerre \u00e0 pied robuste, petit format multi-usages<br \/>\nDishwasher safe and temperature changes resistant<br \/>\nPacked per 6 pcs in a box<\/p>\n<p>Pour un tarif optimis\u00e9, ce mod\u00e8le n&rsquo;est disponible qu&rsquo;avec un marquage 1 couleur.<\/p>\n<p>Special inks and high temperature firing for long-lasting marking<br \/>\nAdapt\u00e9 \u00e0 un usage en milieu professionnel<\/p>\n<p><strong>Important notice:<\/strong>\u00a0fragile item delivered on pallets<br \/>\nSpecific shipping costs (see below)<\/p>","protected":false},"featured_media":5679,"template":"","meta":{"_uag_custom_page_level_css":""},"product_brand":[],"product_cat":[22,1237],"product_tag":[],"class_list":{"0":"post-5664","1":"product","2":"type-product","3":"status-publish","4":"has-post-thumbnail","6":"product_cat-maison","7":"product_cat-verres-et-mugs","9":"first","10":"instock","11":"shipping-taxable","12":"product-type-variable"},"uagb_featured_image_src":{"full":["https:\/\/www.eurofacto.com\/wp-content\/uploads\/2025\/04\/verrebudgetfraan4.jpg",1000,1000,false],"thumbnail":["https:\/\/www.eurofacto.com\/wp-content\/uploads\/2025\/04\/verrebudgetfraan4-150x150.jpg",150,150,true],"medium":["https:\/\/www.eurofacto.com\/wp-content\/uploads\/2025\/04\/verrebudgetfraan4-300x300.jpg",300,300,true],"medium_large":["https:\/\/www.eurofacto.com\/wp-content\/uploads\/2025\/04\/verrebudgetfraan4-768x768.jpg",768,768,true],"large":["https:\/\/www.eurofacto.com\/wp-content\/uploads\/2025\/04\/verrebudgetfraan4.jpg",1000,1000,false],"1536x1536":["https:\/\/www.eurofacto.com\/wp-content\/uploads\/2025\/04\/verrebudgetfraan4.jpg",1000,1000,false],"2048x2048":["https:\/\/www.eurofacto.com\/wp-content\/uploads\/2025\/04\/verrebudgetfraan4.jpg",1000,1000,false],"trp-custom-language-flag":["https:\/\/www.eurofacto.com\/wp-content\/uploads\/2025\/04\/verrebudgetfraan4-12x12.jpg",12,12,true],"woocommerce_archive_thumbnail":["https:\/\/www.eurofacto.com\/wp-content\/uploads\/2025\/04\/verrebudgetfraan4-300x300.jpg",300,300,true],"woocommerce_thumbnail":["https:\/\/www.eurofacto.com\/wp-content\/uploads\/2025\/04\/verrebudgetfraan4-300x300.jpg",300,300,true],"woocommerce_single":["https:\/\/www.eurofacto.com\/wp-content\/uploads\/2025\/04\/verrebudgetfraan4-600x600.jpg",600,600,true],"woocommerce_gallery_thumbnail":["https:\/\/www.eurofacto.com\/wp-content\/uploads\/2025\/04\/verrebudgetfraan4-100x100.jpg",100,100,true]},"uagb_author_info":{"display_name":"Antoine Ninat","author_link":"https:\/5ac1d44055f195d1\/5ac1d44055f195d1www.eurofacto.com\/5ac1d44055f195d1en\/5ac1d44055f195d1author\/5ac1d44055f195d1"},"uagb_comment_info":0,"uagb_excerpt":"Corps en verre classique \u2013 Fabriqu\u00e9 en France Verre \u00e0 pied robuste, petit format multi-usages Passe au lave-vaisselle et r\u00e9siste aux variations de temp\u00e9rature Conditionn\u00e9 par bo\u00eete de 6 verres Pour un tarif optimis\u00e9, ce mod\u00e8le n'est disponible qu'avec un marquage 1 couleur. Encres sp\u00e9ciales et cuisson post-impression pour un marquage durable Adapt\u00e9 \u00e0 un&hellip;","_links":{"self":[{"href":"https:\/\/www.eurofacto.com\/en\/wp-json\/wp\/v2\/product\/5664","targetHints":{"allow":["GET"]}}],"collection":[{"href":"https:\/\/www.eurofacto.com\/en\/wp-json\/wp\/v2\/product"}],"about":[{"href":"https:\/\/www.eurofacto.com\/en\/wp-json\/wp\/v2\/types\/product"}],"wp:featuredmedia":[{"embeddable":true,"href":"https:\/\/www.eurofacto.com\/en\/wp-json\/wp\/v2\/media\/5679"}],"wp:attachment":[{"href":"https:\/\/www.eurofacto.com\/en\/wp-json\/wp\/v2\/media?parent=5664"}],"wp:term":[{"taxonomy":"product_brand","embeddable":true,"href":"https:\/\/www.eurofacto.com\/en\/wp-json\/wp\/v2\/product_brand?post=5664"},{"taxonomy":"product_cat","embeddable":true,"href":"https:\/\/www.eurofacto.com\/en\/wp-json\/wp\/v2\/product_cat?post=5664"},{"taxonomy":"product_tag","embeddable":true,"href":"https:\/\/www.eurofacto.com\/en\/wp-json\/wp\/v2\/product_tag?post=5664"}],"curies":[{"name":"wp","href":"https:\/\/api.w.org\/{rel}","templated":true}]}}