{"id":5838,"date":"2026-02-24T18:36:15","date_gmt":"2026-02-24T17:36:15","guid":{"rendered":"https:\/\/www.eurofacto.com\/?post_type=product&#038;p=5838"},"modified":"2026-04-13T17:00:53","modified_gmt":"2026-04-13T15:00:53","slug":"verre-a-eau-gigogne","status":"publish","type":"product","link":"https:\/\/www.eurofacto.com\/en\/product\/verre-a-eau-gigogne\/","title":{"rendered":"Verre \u00e0 eau Gigogne"},"content":{"rendered":"<p>&nbsp;<\/p>\n<p>&nbsp;<\/p>\n<p>E411<\/p>","protected":false},"excerpt":{"rendered":"<p>Corps en verre tremp\u00e9 robuste et empilable &#8211; <strong>Made in France<\/strong><br \/>\nMod\u00e8le iconique et ind\u00e9modable de la marque Duralex<br \/>\nDishwasher safe and temperature changes resistant<br \/>\nContenance max. 220 mL<\/p>\n<p>Encres sp\u00e9ciales et cuisson haute temp\u00e9rature pour un marquage durable<br \/>\nSuitable for intensive use in a professional environment<\/p>\n<p><strong>Important notice:<\/strong> fragile item delivered on pallets<br \/>\nSpecific shipping costs<em> (see below)<\/em><\/p>","protected":false},"featured_media":5844,"template":"","meta":{"_uag_custom_page_level_css":""},"product_brand":[],"product_cat":[22,1237],"product_tag":[],"class_list":{"0":"post-5838","1":"product","2":"type-product","3":"status-publish","4":"has-post-thumbnail","6":"product_cat-maison","7":"product_cat-verres-et-mugs","9":"first","10":"instock","11":"shipping-taxable","12":"product-type-variable"},"uagb_featured_image_src":{"full":["https:\/\/www.eurofacto.com\/wp-content\/uploads\/2026\/02\/verregig22an4.jpg",1000,1000,false],"thumbnail":["https:\/\/www.eurofacto.com\/wp-content\/uploads\/2026\/02\/verregig22an4-150x150.jpg",150,150,true],"medium":["https:\/\/www.eurofacto.com\/wp-content\/uploads\/2026\/02\/verregig22an4-300x300.jpg",300,300,true],"medium_large":["https:\/\/www.eurofacto.com\/wp-content\/uploads\/2026\/02\/verregig22an4-768x768.jpg",768,768,true],"large":["https:\/\/www.eurofacto.com\/wp-content\/uploads\/2026\/02\/verregig22an4.jpg",1000,1000,false],"1536x1536":["https:\/\/www.eurofacto.com\/wp-content\/uploads\/2026\/02\/verregig22an4.jpg",1000,1000,false],"2048x2048":["https:\/\/www.eurofacto.com\/wp-content\/uploads\/2026\/02\/verregig22an4.jpg",1000,1000,false],"trp-custom-language-flag":["https:\/\/www.eurofacto.com\/wp-content\/uploads\/2026\/02\/verregig22an4-12x12.jpg",12,12,true],"woocommerce_archive_thumbnail":["https:\/\/www.eurofacto.com\/wp-content\/uploads\/2026\/02\/verregig22an4-300x300.jpg",300,300,true],"woocommerce_thumbnail":["https:\/\/www.eurofacto.com\/wp-content\/uploads\/2026\/02\/verregig22an4-300x300.jpg",300,300,true],"woocommerce_single":["https:\/\/www.eurofacto.com\/wp-content\/uploads\/2026\/02\/verregig22an4-600x600.jpg",600,600,true],"woocommerce_gallery_thumbnail":["https:\/\/www.eurofacto.com\/wp-content\/uploads\/2026\/02\/verregig22an4-100x100.jpg",100,100,true]},"uagb_author_info":{"display_name":"Antoine Ninat","author_link":"https:\/5ac1d44055f195d1\/5ac1d44055f195d1www.eurofacto.com\/5ac1d44055f195d1en\/5ac1d44055f195d1author\/5ac1d44055f195d1"},"uagb_comment_info":0,"uagb_excerpt":"Corps en verre tremp\u00e9 robuste et empilable - Fabriqu\u00e9 en France Mod\u00e8le iconique et ind\u00e9modable de la marque Duralex Passe au lave-vaisselle et r\u00e9siste aux variations de temp\u00e9rature Contenance max. 220 mL Encres sp\u00e9ciales et cuisson haute temp\u00e9rature pour un marquage durable Adapt\u00e9 \u00e0 un usage intensif en milieu professionnel Attention : article fragile livr\u00e9&hellip;","_links":{"self":[{"href":"https:\/\/www.eurofacto.com\/en\/wp-json\/wp\/v2\/product\/5838","targetHints":{"allow":["GET"]}}],"collection":[{"href":"https:\/\/www.eurofacto.com\/en\/wp-json\/wp\/v2\/product"}],"about":[{"href":"https:\/\/www.eurofacto.com\/en\/wp-json\/wp\/v2\/types\/product"}],"wp:featuredmedia":[{"embeddable":true,"href":"https:\/\/www.eurofacto.com\/en\/wp-json\/wp\/v2\/media\/5844"}],"wp:attachment":[{"href":"https:\/\/www.eurofacto.com\/en\/wp-json\/wp\/v2\/media?parent=5838"}],"wp:term":[{"taxonomy":"product_brand","embeddable":true,"href":"https:\/\/www.eurofacto.com\/en\/wp-json\/wp\/v2\/product_brand?post=5838"},{"taxonomy":"product_cat","embeddable":true,"href":"https:\/\/www.eurofacto.com\/en\/wp-json\/wp\/v2\/product_cat?post=5838"},{"taxonomy":"product_tag","embeddable":true,"href":"https:\/\/www.eurofacto.com\/en\/wp-json\/wp\/v2\/product_tag?post=5838"}],"curies":[{"name":"wp","href":"https:\/\/api.w.org\/{rel}","templated":true}]}}