{"id":5849,"date":"2026-03-18T13:40:23","date_gmt":"2026-03-18T12:40:23","guid":{"rendered":"https:\/\/www.eurofacto.com\/?post_type=product&#038;p=5849"},"modified":"2026-03-18T22:22:47","modified_gmt":"2026-03-18T21:22:47","slug":"sous-verre-papier","status":"publish","type":"product","link":"https:\/\/www.eurofacto.com\/en\/product\/sous-verre-papier\/","title":{"rendered":"Sous-verre en papier"},"content":{"rendered":"<p>&nbsp;<\/p>\n<p>&nbsp;<\/p>\n<p>E412<\/p>","protected":false},"excerpt":{"rendered":"<p>Pure ouate blanche 6 plis<br \/>\nFormat standard 90mm selon 4 d\u00e9coupes au choix<br \/>\nGaufrage sur 1 face avec motif de contour<\/p>\n<p>Conditionn\u00e9s par bo\u00eetes de 250 pcs<br \/>\nSur demande, disponible \u00e9galement en version 8cm ou 10cm<\/p>\n<p><strong>Price displayed per 1000pcs<\/strong><\/p>","protected":false},"featured_media":5855,"template":"","meta":{"_uag_custom_page_level_css":""},"product_brand":[],"product_cat":[30,32],"product_tag":[],"class_list":{"0":"post-5849","1":"product","2":"type-product","3":"status-publish","4":"has-post-thumbnail","6":"product_cat-gastronomie","7":"product_cat-plv","9":"first","10":"instock","11":"shipping-taxable","12":"product-type-variable"},"uagb_featured_image_src":{"full":["https:\/\/www.eurofacto.com\/wp-content\/uploads\/2026\/03\/sousverrepapeurofacto3.jpg",1000,1000,false],"thumbnail":["https:\/\/www.eurofacto.com\/wp-content\/uploads\/2026\/03\/sousverrepapeurofacto3-150x150.jpg",150,150,true],"medium":["https:\/\/www.eurofacto.com\/wp-content\/uploads\/2026\/03\/sousverrepapeurofacto3-300x300.jpg",300,300,true],"medium_large":["https:\/\/www.eurofacto.com\/wp-content\/uploads\/2026\/03\/sousverrepapeurofacto3-768x768.jpg",768,768,true],"large":["https:\/\/www.eurofacto.com\/wp-content\/uploads\/2026\/03\/sousverrepapeurofacto3.jpg",1000,1000,false],"1536x1536":["https:\/\/www.eurofacto.com\/wp-content\/uploads\/2026\/03\/sousverrepapeurofacto3.jpg",1000,1000,false],"2048x2048":["https:\/\/www.eurofacto.com\/wp-content\/uploads\/2026\/03\/sousverrepapeurofacto3.jpg",1000,1000,false],"trp-custom-language-flag":["https:\/\/www.eurofacto.com\/wp-content\/uploads\/2026\/03\/sousverrepapeurofacto3-12x12.jpg",12,12,true],"woocommerce_archive_thumbnail":["https:\/\/www.eurofacto.com\/wp-content\/uploads\/2026\/03\/sousverrepapeurofacto3-300x300.jpg",300,300,true],"woocommerce_thumbnail":["https:\/\/www.eurofacto.com\/wp-content\/uploads\/2026\/03\/sousverrepapeurofacto3-300x300.jpg",300,300,true],"woocommerce_single":["https:\/\/www.eurofacto.com\/wp-content\/uploads\/2026\/03\/sousverrepapeurofacto3-600x600.jpg",600,600,true],"woocommerce_gallery_thumbnail":["https:\/\/www.eurofacto.com\/wp-content\/uploads\/2026\/03\/sousverrepapeurofacto3-100x100.jpg",100,100,true]},"uagb_author_info":{"display_name":"Antoine Ninat","author_link":"https:\/5ac1d44055f195d1\/5ac1d44055f195d1www.eurofacto.com\/5ac1d44055f195d1en\/5ac1d44055f195d1author\/5ac1d44055f195d1"},"uagb_comment_info":0,"uagb_excerpt":"Pure ouate blanche 6 plis Format standard 90mm selon 4 d\u00e9coupes au choix Gaufrage sur 1 face avec motif de contour Conditionn\u00e9s par bo\u00eetes de 250 pcs Sur demande, disponible \u00e9galement en version 8cm ou 10cm Tarif affich\u00e9 au mille (\u20ac HT pour 1000 pcs)","_links":{"self":[{"href":"https:\/\/www.eurofacto.com\/en\/wp-json\/wp\/v2\/product\/5849","targetHints":{"allow":["GET"]}}],"collection":[{"href":"https:\/\/www.eurofacto.com\/en\/wp-json\/wp\/v2\/product"}],"about":[{"href":"https:\/\/www.eurofacto.com\/en\/wp-json\/wp\/v2\/types\/product"}],"wp:featuredmedia":[{"embeddable":true,"href":"https:\/\/www.eurofacto.com\/en\/wp-json\/wp\/v2\/media\/5855"}],"wp:attachment":[{"href":"https:\/\/www.eurofacto.com\/en\/wp-json\/wp\/v2\/media?parent=5849"}],"wp:term":[{"taxonomy":"product_brand","embeddable":true,"href":"https:\/\/www.eurofacto.com\/en\/wp-json\/wp\/v2\/product_brand?post=5849"},{"taxonomy":"product_cat","embeddable":true,"href":"https:\/\/www.eurofacto.com\/en\/wp-json\/wp\/v2\/product_cat?post=5849"},{"taxonomy":"product_tag","embeddable":true,"href":"https:\/\/www.eurofacto.com\/en\/wp-json\/wp\/v2\/product_tag?post=5849"}],"curies":[{"name":"wp","href":"https:\/\/api.w.org\/{rel}","templated":true}]}}